{"id":67,"date":"2020-05-29T22:30:16","date_gmt":"2020-05-29T20:30:16","guid":{"rendered":"http:\/\/www.poslednereferendum.sk\/?page_id=67"},"modified":"2025-03-06T17:01:15","modified_gmt":"2025-03-06T16:01:15","slug":"ako-mozno-podpisat-peticiu","status":"publish","type":"page","link":"https:\/\/www.poslednereferendum.sk\/?page_id=67","title":{"rendered":"Ako mo\u017eno podp\u00edsa\u0165 pet\u00edciu?"},"content":{"rendered":"<div><\/div>\n<div><\/div>\n<p>&nbsp;<\/p>\n<ol>\n<li style=\"text-align: justify;\"><span style=\"font-size: 14pt;\"><strong>Na podpisovom h\u00e1rku<\/strong> bude nesk\u00f4r dostupn\u00e9. <em><a href=\"https:\/\/www.poslednereferendum.sk\/wp-content\/uploads\/2025\/03\/Peticny-harok-s-otazkami-komplet-na-podpis_Strana_1.jpg\"><span style=\"font-size: 18pt;\">tu<\/span><\/a>. Po spusten\u00ed tejto pripravovanej pet\u00edcie v<\/em>ytla\u010dte ho, \u010ditate\u013ene vypl\u0148te v\u0161etky po\u017eadovan\u00e9 \u00fadaje bez skratiek, podp\u00ed\u0161te a po\u0161lite\u00a0 ho pros\u00edm po\u0161tou na adresu v \u0148om uveden\u00fa.<em> (fal\u0161ovanie je trestn\u00e9) <\/em><span style=\"color: #ff0000;\">V\u010fa\u010dn\u00ed<\/span> budeme aj za podpisy Va\u0161ich rodinn\u00fdch pr\u00edslu\u0161n\u00edkov, zn\u00e1mych \u010di kolegov.<\/span><\/li>\n<li style=\"text-align: justify;\"><span style=\"font-size: 14pt;\"><a href=\"https:\/\/www.poslednereferendum.sk\/wp-content\/uploads\/2020\/06\/Definicia-elektronickej-schr\u00e1nky.jpg\"><strong>Elektronicky<\/strong><\/a><strong>,<\/strong> vyplnen\u00edm jednoduch\u00e9ho formul\u00e1ra, ktor\u00e9 bude spusten\u00e9 pred spusten\u00edm pet\u00edcie. <em>OZ\u00a0 Na\u0161e Vo\u013eby vyvinulo unik\u00e1tne elektronick\u00e9 podpisovanie peti\u010dn\u00fdch h\u00e1rkov, sp\u013a\u0148aj\u00face podmienky pre <a href=\"https:\/\/www.zakonypreludi.sk\/zz\/1990-85\">potreby \u0161t\u00e1tu.<\/a> Takto\u00a0 je mo\u017en\u00e9 podp\u00edsa\u0165 peti\u010dn\u00fd h\u00e1rok komfortne na po\u010d\u00edta\u010di, mo\u017eno \u010doskoro aj na mobile, \u010d\u00edm sa u\u0161etr\u00ed ve\u013ek\u00e9 mno\u017estvo papiera na klasick\u00fdch papierov\u00fdch h\u00e1rkoch, ktor\u00e9 nakoniec nebud\u00fa potrebn\u00e9 a bud\u00fa z\u00e1\u0165a\u017eou. 350 000 podpisov na peti\u010dn\u00fdch h\u00e1rkoch je cca 35 000 h\u00e1rkov papiera A4. Jedn\u00e1 sa teda o ekologick\u00fd zber podpisov na pet\u00edcii.<\/em> Potrebn\u00e9 je v\u0161ak pozna\u0165 a uvies\u0165 aj \u010d\u00edslo Va\u0161ej elektronickej schr\u00e1nky zriadenej \u0161t\u00e1tom na port\u00e1li <a href=\"https:\/\/prihlasenie.slovensko.sk\/oamfed\/idp\/samlv20?lng=sk&amp;SAMLRequest=7b0HYBxJliUmL23Ke39K9UrX4HShCIBgEyTYkEAQ7MGIzeaS7B1pRyMpqyqBymVWZV1mFkDM7Z28995777333nvvvfe6O51OJ%2fff%2fz9cZmQBbPbOStrJniGAqsgfP358Hz8iHh%2bv2%2fnyVf6L1nnTpu8W5bJ59K4pPvto3rarR3fvXl1dja%2fujav64u7ezs7u3d%2f7i%2bevp%2fN8kW0Xy6bNltP8I%2fvW7Oa3PkrPnn720e8%2fm90%2f2H94MNve3dvb3d7ff7C7%2ffDBzsH2LD%2bYTXby3U8nD%2b9%2flP5kXjdFtfzso73xzkfpU0KwWGYtf4J%2bGupoVRfzMmvyZZGPm7K6zJfN22rcvL1bZYvzfHa3mK3uNtmivNzb%2bT3K5cVnzVvCoGnW%2bRlj3xLsHcJgZ2975%2bGb3U8f7dx%2fdH9nvPPw%2fk%2fpsD77aF0vH1VZUzSPltkibx6100evj794%2foiQerSqq7aaVuVHR48Zan2bl7KmyWsM46MjMwzQy0f%2f8V0Bd%2fT4rj8%2fR%2f8P&amp;SigAlg=http%3a%2f%2fwww.w3.org%2f2000%2f09%2fxmldsig%23rsa-sha1&amp;Signature=ZqqblHfWn%2bXkwUPAdp0I6OD07TMtlt9K1jIlDmyeP0CCAyuiuLWwbdM0lRSo%2fK%2beVXkK4dsMZ9MC14DPwFFUTpuxdpFSEOmOZnD2ycTUV8sN25cArkfPe4mGrt8fRVu4eoWxk24hUhtsnbVULdqlztb1vu4G%2fggY8gnDFp5WTFT0mpQke5tS9wkQPMab4wlyUwvo03Xh3Mdrfu2xEtnnwvcA9WtmzbxbAC%2b%2b63t%2bhW00W4RJTARlDkA%2f%2bPtRXBTBHMP70cEPuU%2bafUx1%2b%2bGnn9qZpP4kCAWDCnqyUElF5It%2bvXrPurtfZpa5pDNFascmSDERMu6X49DKF%2bF9LeRHMg%3d%3d\">www.slovensko.sk<\/a>\u00a0 Dostanete sa k nemu po prihl\u00e1sen\u00ed sa do va\u0161ej schr\u00e1nky a<a href=\"https:\/\/www.poslednereferendum.sk\/wp-content\/uploads\/2020\/06\/Elektronick\u00e1-schr\u00e1nka-\u010d\u00edslo-.png\"> kliknut\u00edm na profil.<\/a> Je to 10 miestne \u010d\u00edslo.<\/span><\/li>\n<li style=\"text-align: justify;\"><span style=\"font-size: 14pt;\"><strong>Elektronicky,<\/strong> s pou\u017eit\u00edm kvalifikovan\u00e9ho elektronick\u00e9ho podpisu. <strong>KEP<\/strong>\u00a0 (<em>na Slovensku disponuje elektronicky kvalifikovan\u00fdm podpisom a schr\u00e1nkami viac ako 800 000 vlastn\u00edkov s vlastnou elektronickou schr\u00e1nkou zriadenou \u0161t\u00e1tom) <\/em>Aby ste mohli elektronicky podp\u00edsa\u0165 t\u00fato pet\u00edciu, treba sp\u013a\u0148a\u0165 technick\u00e9 po\u017eiadavky, ako je OP s aktivovan\u00fdm elektronick\u00fdm \u010dipom, PC, \u010d\u00edta\u010dku a <span style=\"color: #ff0000;\"><strong>aktu\u00e1lne<\/strong><\/span> softwarov\u00e9 vybavenie o ktor\u00fdch sa dozviete<a style=\"color: #ff0000;\" href=\"https:\/\/www.slovensko.sk\/sk\/faq\/faq-eschranka#co2\"> tu<i class=\"wp-svg-info info\"><\/i><\/a><\/span><\/li>\n<\/ol>\n<p>&nbsp;<\/p>\n<p style=\"text-align: center;\">[google-translator]<\/p>\n","protected":false},"excerpt":{"rendered":"<p>&nbsp; Na podpisovom h\u00e1rku bude nesk\u00f4r dostupn\u00e9. tu. Po spusten\u00ed tejto pripravovanej pet\u00edcie vytla\u010dte ho, \u010ditate\u013ene vypl\u0148te v\u0161etky po\u017eadovan\u00e9 \u00fadaje bez skratiek, podp\u00ed\u0161te a po\u0161lite\u00a0 ho pros\u00edm po\u0161tou na adresu v \u0148om uveden\u00fa. (fal\u0161ovanie je trestn\u00e9) V\u010fa\u010dn\u00ed budeme aj za &hellip; <a href=\"https:\/\/www.poslednereferendum.sk\/?page_id=67\">Pokra\u010dova\u0165 v \u010d\u00edtan\u00ed <span class=\"meta-nav\">&rarr;<\/span><\/a><\/p>\n","protected":false},"author":1,"featured_media":0,"parent":0,"menu_order":6,"comment_status":"closed","ping_status":"closed","template":"onecolumn-page.php","meta":{"footnotes":""},"class_list":["post-67","page","type-page","status-publish","hentry"],"_links":{"self":[{"href":"https:\/\/www.poslednereferendum.sk\/index.php?rest_route=\/wp\/v2\/pages\/67","targetHints":{"allow":["GET"]}}],"collection":[{"href":"https:\/\/www.poslednereferendum.sk\/index.php?rest_route=\/wp\/v2\/pages"}],"about":[{"href":"https:\/\/www.poslednereferendum.sk\/index.php?rest_route=\/wp\/v2\/types\/page"}],"author":[{"embeddable":true,"href":"https:\/\/www.poslednereferendum.sk\/index.php?rest_route=\/wp\/v2\/users\/1"}],"replies":[{"embeddable":true,"href":"https:\/\/www.poslednereferendum.sk\/index.php?rest_route=%2Fwp%2Fv2%2Fcomments&post=67"}],"version-history":[{"count":40,"href":"https:\/\/www.poslednereferendum.sk\/index.php?rest_route=\/wp\/v2\/pages\/67\/revisions"}],"predecessor-version":[{"id":889,"href":"https:\/\/www.poslednereferendum.sk\/index.php?rest_route=\/wp\/v2\/pages\/67\/revisions\/889"}],"wp:attachment":[{"href":"https:\/\/www.poslednereferendum.sk\/index.php?rest_route=%2Fwp%2Fv2%2Fmedia&parent=67"}],"curies":[{"name":"wp","href":"https:\/\/api.w.org\/{rel}","templated":true}]}}