{"id":2,"date":"2020-05-29T15:41:12","date_gmt":"2020-05-29T13:41:12","guid":{"rendered":"http:\/\/www.poslednereferendum.sk\/?page_id=2"},"modified":"2025-09-17T18:38:35","modified_gmt":"2025-09-17T16:38:35","slug":"ukazka-strany","status":"publish","type":"page","link":"https:\/\/www.poslednereferendum.sk\/","title":{"rendered":""},"content":{"rendered":"<p><\/p>\r\n<h2 style=\"text-align: center;\"><a class=\"maxbutton-12 maxbutton maxbutton-domovska-stranka\" title=\"Domovsk\u00e1 str\u00e1nka\" href=\"https:\/\/www.poslednereferendum.sk\/\"><span class='mb-text'>Domovsk\u00e1 str\u00e1nka<\/span><\/a><a class=\"maxbutton-6 maxbutton maxbutton-peticia-prieskum\" href=\"https:\/\/www.poslednereferendum.sk\/?page_id=37\"><span class='mb-text'>Pet\u00edcia-Prieskum<\/span><\/a><a class=\"maxbutton-8 maxbutton maxbutton-preco-posledne-referendum\" href=\"https:\/\/www.poslednereferendum.sk\/?page_id=415\"><span class='mb-text'>Pre\u010do Posledn\u00e9 referendum?<\/span><\/a><\/h2>\r\n<h2 style=\"text-align: center;\"><a class=\"maxbutton-9 maxbutton maxbutton-uznanie-referenda\" href=\"https:\/\/www.poslednereferendum.sk\/?page_id=34\"><span class='mb-text'>Uznanie referenda<\/span><\/a><a class=\"maxbutton-10 maxbutton maxbutton-ako-mozno-podpisat-peticiu\" title=\"Ako mo\u017eno podp\u00edsa\u0165 pet\u00edciu?\" href=\"https:\/\/www.poslednereferendum.sk\/?page_id=67\"><span class='mb-text'>Ako mo\u017eno podp\u00edsa\u0165 pet\u00edciu?<\/span><\/a><a class=\"maxbutton-11 maxbutton maxbutton-ine\" title=\"In\u00e9\" href=\"https:\/\/www.poslednereferendum.sk\/?page_id=981\"><span class='mb-text'>In\u00e9<\/span><\/a>\u00a0<\/h2>\r\n<h2 style=\"text-align: center;\"><strong><span style=\"color: #000000; font-size: 14pt;\">V\u00e1\u017een\u00ed spoluob\u010dania.<\/span><\/strong><\/h2>\r\n\r\n\r\n\r\n<p style=\"text-align: justify;\"><span style=\"font-size: 14pt;\">Tu je mo\u017enos\u0165 na spustenie pet\u00edcie k vyp\u00edsaniu referenda, ktor\u00e9 zmen\u00ed volebn\u00fd syst\u00e9m na Slovensku tak, \u017ee aj ob\u010dania bud\u00fa m\u00f4c\u0165 demokraticky jednoduch\u00fdm sp\u00f4sobom, bez zbierania 350 000 podpisov a bez \u0161t\u00e1tnych n\u00e1kladov viac ako 12 mil.EUR, teda zadarmo nielen navrhova\u0165, ale aj ru\u0161i\u0165 z\u00e1kony. Bud\u00fa m\u00f4c\u0165 voli\u0165 a odvol\u00e1va\u0165 nielen svojich poslancov, ale aj vysok\u00fdch \u0161t\u00e1tnych \u00faradn\u00edkov, \u010d\u00edm sa razantne obmedz\u00ed ich moc a z\u00e1rove\u0148 sa obmedz\u00ed aj obrovsk\u00e1 \u0161t\u00e1tna korupcia, \u010do je z\u00e1klad spravodlivosti.<\/span><\/p>\r\n<p style=\"text-align: justify;\"><span style=\"font-size: 14pt;\">Pon\u00fakame viac ot\u00e1zok, kde si istotne ka\u017ed\u00fd n\u00e1jde aspo\u0148 jednu, kv\u00f4li ktorej pr\u00edde k urn\u00e1m a pom\u00f4\u017ee zmeni\u0165 tento nespravodliv\u00fd volebn\u00fd syst\u00e9m. Ak m\u00e1te z\u00e1ujem, m\u00f4\u017eete aj nez\u00e1v\u00e4zne anonymne zahlasova\u0165. Pre viac inform\u00e1ci\u00ed o ot\u00e1zkach klikajte na linky a zna\u010dky v ot\u00e1zkach.<\/span><\/p>\r\n<p style=\"text-align: justify;\"><span style=\"font-size: 14pt;\">V\u0161etky inform\u00e1cie o zmene volebn\u00e9ho syst\u00e9mu, ako to bude v\u0161etko vyzera\u0165, n\u00e1jdete na domovskej str\u00e1nke\u00a0<\/span> <a href=\"http:\/\/www.nasevolby.sk\">www.nasevolby.sk<\/a><\/p>\r\n<audio class=\"wp-audio-shortcode\" id=\"audio-2-1\" preload=\"none\" style=\"width: 100%;\" controls=\"controls\"><source type=\"audio\/mpeg\" src=\"https:\/\/www.poslednereferendum.sk\/wp-content\/uploads\/2025\/05\/ttsmaker-file-2025-5-6-12-23-13.mp3?_=1\" \/><a href=\"https:\/\/www.poslednereferendum.sk\/wp-content\/uploads\/2025\/05\/ttsmaker-file-2025-5-6-12-23-13.mp3\">https:\/\/www.poslednereferendum.sk\/wp-content\/uploads\/2025\/05\/ttsmaker-file-2025-5-6-12-23-13.mp3<\/a><\/audio>\r\n<p>&nbsp;<\/p>\r\n<p>&nbsp;<\/p>\r\n<h4 style=\"text-align: center;\"><a class=\"maxbutton-3 maxbutton maxbutton-peticia\" title=\"Pet\u00edcia\" href=\"https:\/\/www.poslednereferendum.sk\/?page_id=37\"><span class='mb-text'>Anketa na pet\u00edciu k posledn\u00e9mu klasick\u00e9mu referendu<\/span><\/a><\/h4>\r\n<p style=\"text-align: center;\"><a href=\"https:\/\/www.poslednereferendum.sk\/?page_id=37\"><img decoding=\"async\" class=\"alignnone  wp-image-6\" src=\"https:\/\/www.poslednereferendum.sk\/wp-content\/uploads\/2020\/05\/Referendum.png\" alt=\"\" width=\"142\" height=\"79\" srcset=\"https:\/\/www.poslednereferendum.sk\/wp-content\/uploads\/2020\/05\/Referendum.png 366w, https:\/\/www.poslednereferendum.sk\/wp-content\/uploads\/2020\/05\/Referendum-300x167.png 300w\" sizes=\"(max-width: 142px) 100vw, 142px\" \/><\/a><\/p>\r\n<p style=\"text-align: center;\">\u00a0<\/p>\r\n","protected":false},"excerpt":{"rendered":"<p>\u00a0 V\u00e1\u017een\u00ed spoluob\u010dania. Tu je mo\u017enos\u0165 na spustenie pet\u00edcie k vyp\u00edsaniu referenda, ktor\u00e9 zmen\u00ed volebn\u00fd syst\u00e9m na Slovensku tak, \u017ee aj ob\u010dania bud\u00fa m\u00f4c\u0165 demokraticky jednoduch\u00fdm sp\u00f4sobom, bez zbierania 350 000 podpisov a bez \u0161t\u00e1tnych n\u00e1kladov viac ako 12 mil.EUR, &hellip; <a href=\"https:\/\/www.poslednereferendum.sk\/\">Pokra\u010dova\u0165 v \u010d\u00edtan\u00ed <span class=\"meta-nav\">&rarr;<\/span><\/a><\/p>\n","protected":false},"author":1,"featured_media":0,"parent":0,"menu_order":0,"comment_status":"closed","ping_status":"open","template":"onecolumn-page.php","meta":{"footnotes":""},"class_list":["post-2","page","type-page","status-publish","hentry"],"_links":{"self":[{"href":"https:\/\/www.poslednereferendum.sk\/index.php?rest_route=\/wp\/v2\/pages\/2","targetHints":{"allow":["GET"]}}],"collection":[{"href":"https:\/\/www.poslednereferendum.sk\/index.php?rest_route=\/wp\/v2\/pages"}],"about":[{"href":"https:\/\/www.poslednereferendum.sk\/index.php?rest_route=\/wp\/v2\/types\/page"}],"author":[{"embeddable":true,"href":"https:\/\/www.poslednereferendum.sk\/index.php?rest_route=\/wp\/v2\/users\/1"}],"replies":[{"embeddable":true,"href":"https:\/\/www.poslednereferendum.sk\/index.php?rest_route=%2Fwp%2Fv2%2Fcomments&post=2"}],"version-history":[{"count":82,"href":"https:\/\/www.poslednereferendum.sk\/index.php?rest_route=\/wp\/v2\/pages\/2\/revisions"}],"predecessor-version":[{"id":1149,"href":"https:\/\/www.poslednereferendum.sk\/index.php?rest_route=\/wp\/v2\/pages\/2\/revisions\/1149"}],"wp:attachment":[{"href":"https:\/\/www.poslednereferendum.sk\/index.php?rest_route=%2Fwp%2Fv2%2Fmedia&parent=2"}],"curies":[{"name":"wp","href":"https:\/\/api.w.org\/{rel}","templated":true}]}}